{"id":329,"date":"2019-04-04T06:41:59","date_gmt":"2019-04-04T06:41:59","guid":{"rendered":"https:\/\/victorthemes.com\/themes\/windfall\/?page_id=329"},"modified":"2022-08-31T14:39:52","modified_gmt":"2022-08-31T11:39:52","slug":"hakkimizda","status":"publish","type":"page","link":"https:\/\/atatekstekstil.com.tr\/index.php\/hakkimizda\/","title":{"rendered":"Hakk\u0131m\u0131zda"},"content":{"rendered":"\t\t<div data-elementor-type=\"wp-post\" data-elementor-id=\"329\" class=\"elementor elementor-329\" data-elementor-settings=\"[]\">\n\t\t\t\t\t\t\t<div class=\"elementor-section-wrap\">\n\t\t\t\t\t\t\t<section class=\"elementor-section elementor-top-section elementor-element elementor-element-9937da2 elementor-section-full_width elementor-section-height-default elementor-section-height-default\" data-id=\"9937da2\" data-element_type=\"section\">\n\t\t\t\t\t\t<div class=\"elementor-container elementor-column-gap-default\">\n\t\t\t\t\t<div class=\"elementor-column elementor-col-100 elementor-top-column elementor-element elementor-element-2c0cdac\" data-id=\"2c0cdac\" data-element_type=\"column\">\n\t\t\t<div class=\"elementor-widget-wrap elementor-element-populated\">\n\t\t\t\t\t\t\t\t<div class=\"elementor-element elementor-element-d9644c8 elementor-widget elementor-widget-vt-windfall_about\" data-id=\"d9644c8\" data-element_type=\"widget\" data-settings=\"{&quot;about_image&quot;:{&quot;url&quot;:&quot;https:\\\/\\\/atatekstekstil.com.tr\\\/wp-content\\\/uploads\\\/2022\\\/08\\\/Ekran-goruntusu-2022-03-17-102328.png&quot;,&quot;id&quot;:1335,&quot;alt&quot;:&quot;&quot;,&quot;source&quot;:&quot;library&quot;}}\" data-widget_type=\"vt-windfall_about.default\">\n\t\t\t\t<div class=\"elementor-widget-container\">\n\t\t\t<div class=\"wndfal-about\">\r\n\t\t\t\t\t\t\t  <div class=\"container\">\r\n\t\t\t\t\t\t\t    <div class=\"row\">\r\n\t\t\t\t\t\t\t      <div class=\"col-lg-6 order-lg-2\">\r\n\t\t\t\t\t\t\t        <div class=\"about-info\">\r\n\t\t\t\t\t\t\t          <h2 class=\"about-title\">Bizi Tan\u0131y\u0131n<\/h2><p>K\u00f6kl\u00fc ge\u00e7mi\u015fimizden ilham ald\u0131\u011f\u0131m\u0131z yolculu\u011fumuzda; s\u00fcrekli yenilenmeyi, \u00e7a\u011f\u0131 yakalamay\u0131 ve s\u00fcrd\u00fcr\u00fclebilir \u00fcretim anlay\u0131\u015f\u0131n\u0131 ilk g\u00fcnden bu yana misyon edindik. Y\u0131llar i\u00e7erisinde kazand\u0131\u011f\u0131m\u0131z tecr\u00fcbelerimizle her ge\u00e7en g\u00fcn yenilenerek ve kendimizi s\u00fcrekli geli\u015ftirerek sekt\u00f6rdeki g\u00fc\u00e7l\u00fc duru\u015fumuzu korumay\u0131 ba\u015fard\u0131k. Atateks olarak yar\u0131m asr\u0131 a\u015fan tecr\u00fcbemizle dokuma kuma\u015f \u00fcretim sekt\u00f6r\u00fcn\u00fcn \u00f6nc\u00fc ve yenilik\u00e7i \u00fcreticilerinden biri haline geldik.<\/p><ul class=\"check-list\"><li>Yenilik\u00e7i Tasar\u0131mlar<\/li><li>Kaliteli \u00dcr\u00fcnler<\/li><li>%100 M\u00fc\u015fteri Memnuniyeti<\/li><\/ul><\/div><\/div><div class=\"col-lg-6 order-lg-1\"><div class=\"wndfal-image\"><img decoding=\"async\" src=\"https:\/\/atatekstekstil.com.tr\/wp-content\/uploads\/2022\/08\/Ekran-goruntusu-2022-03-17-102328.png\" alt=\"\"><\/div><\/div><\/div><\/div><\/div>\t\t<\/div>\n\t\t\t\t<\/div>\n\t\t\t\t\t<\/div>\n\t\t<\/div>\n\t\t\t\t\t\t\t<\/div>\n\t\t<\/section>\n\t\t\t\t<section class=\"elementor-section elementor-top-section elementor-element elementor-element-4f2bcb2 elementor-section-stretched elementor-section-full_width elementor-section-height-default elementor-section-height-default\" data-id=\"4f2bcb2\" data-element_type=\"section\" data-settings=\"{&quot;stretch_section&quot;:&quot;section-stretched&quot;,&quot;background_background&quot;:&quot;classic&quot;}\">\n\t\t\t\t\t\t<div class=\"elementor-container elementor-column-gap-default\">\n\t\t\t\t\t<div class=\"elementor-column elementor-col-100 elementor-top-column elementor-element elementor-element-e83ae5e\" data-id=\"e83ae5e\" data-element_type=\"column\">\n\t\t\t<div class=\"elementor-widget-wrap elementor-element-populated\">\n\t\t\t\t\t\t\t\t<div class=\"elementor-element elementor-element-480e55d elementor-widget elementor-widget-vt-windfall_features\" data-id=\"480e55d\" data-element_type=\"widget\" data-widget_type=\"vt-windfall_features.default\">\n\t\t\t\t<div class=\"elementor-widget-container\">\n\t\t\t<div class=\"wndfal-features\"><div class=\"container\"><div class=\"row\"><div class=\"col-lg-4 col-md-6\">\r\n\t\t\t\t\t\t\t        <div class=\"feature-item\">\r\n\t\t\t\t\t\t\t           <div class=\"wndfal-icon\"><i class=\"ti-timer\" aria-hidden=\"true\"><\/i><\/div>\r\n\t\t\t\t\t\t\t          <h3 class=\"feature-title\"><a href=\"#0\"  >24\/7 Destek<\/a><\/h3>\r\n\t\t\t\t\t\t\t        <\/div>\r\n\t\t\t\t\t\t\t      <\/div><div class=\"col-lg-4 col-md-6\">\r\n\t\t\t\t\t\t\t        <div class=\"feature-item\">\r\n\t\t\t\t\t\t\t           <div class=\"wndfal-icon\"><i class=\"ti-wallet\" aria-hidden=\"true\"><\/i><\/div>\r\n\t\t\t\t\t\t\t          <h3 class=\"feature-title\"><a href=\"#0\"  >Uygun Fiyatlar<\/a><\/h3>\r\n\t\t\t\t\t\t\t        <\/div>\r\n\t\t\t\t\t\t\t      <\/div><div class=\"col-lg-4 col-md-6\">\r\n\t\t\t\t\t\t\t        <div class=\"feature-item\">\r\n\t\t\t\t\t\t\t           <div class=\"wndfal-icon\"><i class=\"ti-bar-chart\" aria-hidden=\"true\"><\/i><\/div>\r\n\t\t\t\t\t\t\t          <h3 class=\"feature-title\"><a href=\"#0\"  >Her Ge\u00e7en G\u00fcn Artan Kalite<\/a><\/h3>\r\n\t\t\t\t\t\t\t        <\/div>\r\n\t\t\t\t\t\t\t      <\/div><\/div><\/div><\/div>\t\t<\/div>\n\t\t\t\t<\/div>\n\t\t\t\t\t<\/div>\n\t\t<\/div>\n\t\t\t\t\t\t\t<\/div>\n\t\t<\/section>\n\t\t\t\t\t\t<\/div>\n\t\t\t\t\t<\/div>\n\t\t","protected":false},"excerpt":{"rendered":"Bizi Tan\u0131y\u0131n K\u00f6kl\u00fc ge\u00e7mi\u015fimizden ilham ald\u0131\u011f\u0131m\u0131z yolculu\u011fumuzda; s\u00fcrekli yenilenmeyi, \u00e7a\u011f\u0131 yakalamay\u0131 ve s\u00fcrd\u00fcr\u00fclebilir \u00fcretim anlay\u0131\u015f\u0131n\u0131 ilk g\u00fcnden bu yana misyon edindik. Y\u0131llar i\u00e7erisinde kazand\u0131\u011f\u0131m\u0131z tecr\u00fcbelerimizle her ge\u00e7en g\u00fcn yenilenerek ve kendimizi s\u00fcrekli geli\u015ftirerek sekt\u00f6rdeki g\u00fc\u00e7l\u00fc duru\u015fumuzu korumay\u0131 ba\u015fard\u0131k. Atateks olarak yar\u0131m asr\u0131 a\u015fan tecr\u00fcbemizle dokuma kuma\u015f \u00fcretim sekt\u00f6r\u00fcn\u00fcn \u00f6nc\u00fc ve yenilik\u00e7i \u00fcreticilerinden biri haline geldik&#8230;.","protected":false},"author":1,"featured_media":0,"parent":0,"menu_order":0,"comment_status":"closed","ping_status":"closed","template":"","meta":{"footnotes":""},"class_list":["post-329","page","type-page","status-publish","hentry"],"_links":{"self":[{"href":"https:\/\/atatekstekstil.com.tr\/index.php\/wp-json\/wp\/v2\/pages\/329","targetHints":{"allow":["GET"]}}],"collection":[{"href":"https:\/\/atatekstekstil.com.tr\/index.php\/wp-json\/wp\/v2\/pages"}],"about":[{"href":"https:\/\/atatekstekstil.com.tr\/index.php\/wp-json\/wp\/v2\/types\/page"}],"author":[{"embeddable":true,"href":"https:\/\/atatekstekstil.com.tr\/index.php\/wp-json\/wp\/v2\/users\/1"}],"replies":[{"embeddable":true,"href":"https:\/\/atatekstekstil.com.tr\/index.php\/wp-json\/wp\/v2\/comments?post=329"}],"version-history":[{"count":8,"href":"https:\/\/atatekstekstil.com.tr\/index.php\/wp-json\/wp\/v2\/pages\/329\/revisions"}],"predecessor-version":[{"id":1361,"href":"https:\/\/atatekstekstil.com.tr\/index.php\/wp-json\/wp\/v2\/pages\/329\/revisions\/1361"}],"wp:attachment":[{"href":"https:\/\/atatekstekstil.com.tr\/index.php\/wp-json\/wp\/v2\/media?parent=329"}],"curies":[{"name":"wp","href":"https:\/\/api.w.org\/{rel}","templated":true}]}}